{"id":2777,"date":"2021-07-21T11:12:45","date_gmt":"2021-07-21T09:12:45","guid":{"rendered":"http:\/\/tranmore.com\/?page_id=2777"},"modified":"2021-07-21T11:12:45","modified_gmt":"2021-07-21T09:12:45","slug":"cookie-policy","status":"publish","type":"page","link":"https:\/\/tranmore.com\/en\/cookie-policy\/","title":{"rendered":"Cookie Policy"},"content":{"rendered":"\t\t<div data-elementor-type=\"wp-page\" data-elementor-id=\"2777\" class=\"elementor elementor-2777\">\n\t\t\t\t\t\t<section class=\"elementor-section elementor-top-section elementor-element elementor-element-354010 elementor-section-boxed elementor-section-height-default elementor-section-height-default\" data-id=\"354010\" data-element_type=\"section\">\n\t\t\t\t\t\t<div class=\"elementor-container elementor-column-gap-default\">\n\t\t\t\t\t<div class=\"elementor-column elementor-col-100 elementor-top-column elementor-element elementor-element-56e165bd\" data-id=\"56e165bd\" data-element_type=\"column\">\n\t\t\t<div class=\"elementor-widget-wrap elementor-element-populated\">\n\t\t\t\t\t\t<div class=\"elementor-element elementor-element-1de1f56d elementor-widget elementor-widget-text-editor\" data-id=\"1de1f56d\" data-element_type=\"widget\" data-widget_type=\"text-editor.default\">\n\t\t\t\t<div class=\"elementor-widget-container\">\n\t\t\t\t\t\t\t\t\t<h3><strong>Informativa per il trattamento dei dati personali<\/strong><\/h3>\n<p>Ai sensi dell\u2019art. 13 D.Lgs. 196\/03 \u201cCodice in materia di protezione dei Dati Personali\u201d (di seguito, \u201cCodice\u201d), www.tranmore.com, \u00e8 il sito ufficiale di \u201cStudio Translation and More di E. Fochi e M. Rausa\u201d, attraverso il quale lo studio associato si propone di fornire agli utenti (di seguito \u201cvisitatori\u201d), informazioni circa i prodotti da essa distribuiti.<\/p>\n<p><\/p>\n<h5>Navigazione web<\/h5>\n<p><\/p>\n<p><strong>Statistiche di utilizzo<\/strong><\/p>\n<p>Gli accessi dei visitatori sul sito sono monitorati in modo anonimo tramite strumenti di web analytics, ai fini di: testare la loro esperienza d\u2019uso; analizzarne provenienza, comportamenti e preferenze; monitorare l\u2019efficacia dell\u2019architettura logico-editoriale del sito; misurare il gradimento dell\u2019offerta informativa e promozionale del progetto.<\/p>\n<p>Lo strumento selezionato per raccogliere le informazioni di navigazione \u00e8 Google Analytics, di cui \u00e8 consultabile qui la policy. Volendo, \u00e8 possibile impedire e disinnescare i meccanismi della tracciatura installando un componente aggiuntivo distribuito gratuitamente dallo stesso Google.<\/p>\n<p>I cookies possono essere disabilitati dal proprio browser; a partire da quel momento, le preferenze&nbsp; di navigazione del visitatore ed eventuali informazioni automatiche di accesso non verranno registrate n\u00e9 riconosciute, cosa che potrebbe inficiare la fruizione ottimale di alcune specifiche funzioni del sito, senza tuttavia comprometterne del tutto la leggibilit\u00e0.<\/p>\n<p><\/p>\n<h5>Raccolta e trattamento dati personali<\/h5>\n<p>Scrivendo ai nostri recapiti acconsentirete alla raccolta e archiviazione delle informazioni personali da Voi fornite.<\/p>\n<p>I dati vengono raccolti e trattati ai fini di garantirne l\u2019integrit\u00e0 e la confidenzialit\u00e0, e custoditi con riserbo e diligenza in modo da scongiurare l\u2019accesso abusivo non autorizzato o non conforme alle finalit\u00e0 qui espressamente descritte. In nessun caso i dati saranno comunicati a terzi, n\u00e9 diffusi.<\/p>\n<p>Alcuni indirizzi e-mail in nostro possesso possono provenire da recapiti di contatto forniti personalmente in seguito ad un contatto o ad un incontro, oppure da elenchi e liste di pubblico dominio (per esempio nel caso dei registri pubblici delle aziende iscritte alla camera di commercio).<\/p>\n<p><\/p>\n<h5>Finalit\u00e0 e utilizzo<\/h5>\n<p>I dati raccolti sul sito vengono utilizzati esclusivamente per gli obiettivi del \u201cprogetto stesso\u201d e non vengono ceduti a terze parti.<\/p>\n<p>I dati sono raccolti per i seguenti scopi:<\/p>\n<ul>\n<li>contatto e corrispondenza elettronica;<\/li>\n<li>possibilit\u00e0 di commentare i contenuti del sito, ove previsto;<\/li>\n<li>interazione con i social network e loro applicativi (like, share), in conformit\u00e0 alle rispettive impostazioni di privacy;<\/li>\n<li>registrazione e autenticazione degli utenti, ove previsto;<\/li>\n<li>localizzazione geografica dei visitatori, tramite IP ed eventuale fornitura del dato di Codice Avviamento Postale, dove previsto;<\/li>\n<li>miglioramento delle strategie di marketing per le finalit\u00e0 intrinseche dell\u2019azienda;<\/li>\n<li>compilazione di un database e di indagini statistiche a scopo interno;<\/li>\n<\/ul>\n<h5>Cookie<\/h5>\n<p>Per rendere il nostro sito pi\u00f9 facile ed intuitivo facciamo uso dei cookie. I cookie sono piccole porzioni di dati che ci permettono di confrontare i visitatori nuovi e quelli passati e di capire come gli utenti navigano attraverso il nostro sito. Utilizziamo i dati raccolti grazie ai cookie per rendere l\u2019esperienza di navigazione pi\u00f9 piacevole e pi\u00f9 efficiente in futuro.<\/p>\n<p>Utilizziamo cookie statistici al solo fine di tener traccia delle visite sul nostro sito per migliorare la vostra esperienza di navigazione, senza conoscere il vostro indirizzo IP di provenienza.<\/p>\n<p>I cookie non registrano alcuna informazione personale su un utente e gli eventuali dati identificabili non verranno memorizzati. Se si desidera disabilitare l\u2019uso dei cookie \u00e8 necessario personalizzare le impostazioni del proprio computer impostando la cancellazione di tutti i cookie o attivando un messaggio di avviso quando i cookie vengono memorizzati. Per procedere senza modificare l\u2019applicazione dei cookie \u00e8 sufficiente continuare con la navigazione.<\/p>\n<p>Visita AboutCookies.org &nbsp;per ulteriori informazioni sui cookie e su come influenzano la tua esperienza di navigazione.<\/p>\n<h5>I tipi di cookie: Cookie tecnici<\/h5>\n<p>Sono utilizzati al fine di effettuare la trasmissione di una comunicazione su una rete di comunicazione elettronica, e strettamente necessari per consentire apposite funzionalit\u00e0 richieste che garantiscono la normale navigazione e fruizione del sito web. Tutte le informazioni raccolte tramite cookie sono aggregate e quindi anonime, i cookie tecnici sono utilizzati solo per migliorare il funzionamento di un sito web. Utilizzando il nostro sito, l\u2019utente accetta che tali cookie possono essere installati sul proprio dispositivo.<\/p>\n<p><\/p>\n<h5>Cookie di terze parti<\/h5>\n<p>I cookie di \u201cterze parti\u201d sono legati ai servizi forniti da terze parti, come ad esempio condividere contenuti da questo sito a canali social, visualizzare un video o un\u2019area contenuta nel sito che proviene da un portale terzo (iframe), determinare le numeriche aggregate dei visitatori del sito. Il soggetto terzo fornisce questi servizi in cambio di informazioni in merito alla visita dell\u2019utente al nostro sito. Ne discende anche per i terzi fornitori di cookie l\u2019obbligo di rispettare la normativa in materia. Per tale motivo rimandiamo ai link delle pagine web del sito della terza parte, nelle quali l\u2019utente potr\u00e0 trovare i moduli di raccolta del consenso ai cookie e le loro relative informative.<\/p>\n<p>Qualora i servizi fossero forniti da contatti indiretti con le terze parti, l\u2019utente dovr\u00e0 linkare i siti dei soggetti che fanno da intermediari tra noi e le stesse terze parti.<\/p>\n<p><\/p>\n<p>Il nostro sito utilizza cookie di terze parti esclusivamente per fornire contenuti, come video, dettagli informativi e possibilit\u00e0 di condividere articoli sui social. I dati raccolti servono a determinare, in forma aggregata, il numero degli utenti e come questi visitano il sito stesso.<\/p>\n<h5>Google Analytics<\/h5>\n<p>Questo sito web utilizza Google Analytics, un servizio di analisi web fornito da Google , Inc. (\u201cGoogle\u201d) . Google Analytics utilizza dei \u201ccookies\u201d , che sono file di testo depositati sul Vostro computer per consentire al sito web di analizzare come gli utenti utilizzano il sito. Le informazioni generate dal cookie sull\u2019utilizzo del sito web (compreso il Vostro indirizzo IP anonimo) verranno trasmesse e depositate presso i server di Google negli Stati Uniti. Google utilizzer\u00e0 queste informazioni allo scopo di esaminare il Vostro utilizzo del sito web, compilare report sulle attivit\u00e0 del sito per gli operatori dello stesso e fornire altri servizi relativi alle attivit\u00e0 del sito web e all\u2019utilizzo di internet. Google pu\u00f2 anche trasferire queste informazioni a terzi ove ci\u00f2 sia imposto dalla legge o laddove tali terzi trattino le suddette informazioni per conto di Google . Google non assocer\u00e0 il vostro indirizzo IP a nessun altro dato posseduto da Google. Potete rifiutarvi di usare i cookies selezionando l\u2019impostazione appropriata sul vostro browser, ma si prega di notare che se si fa questo non si pu\u00f2 essere in grado di utilizzare tutte le funzionalit\u00e0 di questo sito web. Utilizzando il presente sito web, voi acconsentite al trattamento dei Vostri dati da parte di Google per le modalit\u00e0 ed i fini sopraindicati.<\/p>\n<p>Si pu\u00f2 impedire a Google il rilevamento di un cookie che viene generato e legato al Vostro utilizzo di questo sito web (compreso il Vostro indirizzo IP) e l\u2019elaborazione di tali dati scaricando e installando questo plugin per il browser: <span><a href=\"http:\/\/tools.google.com\/dlpage\/gaoptout?hl=it\">http:\/\/tools.google.com\/dlpage\/gaoptout?hl=it<\/a><\/span> .<\/p>\n<h5>Come disabilitare i cookie mediante configurazione del browser:<\/h5>\n<p><strong>Chrome<\/strong><\/p>\n<ul>\n<li>Eseguire il Browser Chrome;<\/li>\n<\/ul>\n<ul>\n<li>Fare click sul men\u00f9 presente nella barra degli strumenti del browser a fianco della finestra di inserimento url per la navigazione;<\/li>\n<li>Selezionare Impostazioni;<\/li>\n<\/ul>\n<ul>\n<li>Fare clic su Mostra Impostazioni Avanzate;<\/li>\n<\/ul>\n<ul>\n<li>Nella sezione \u201cPrivacy\u201d fare clic su bottone \u201cImpostazioni contenuti\u201c;<\/li>\n<\/ul>\n<ul>\n<li>Nella sezione \u201cCookie\u201d \u00e8 possibile modificare le seguenti impostazioni relative ai cookie:<\/li>\n<\/ul>\n<ol>\n<li>Consentire il salvataggio dei dati in locale;<\/li>\n<\/ol>\n<ol start=\"2\">\n<li>Modificare i dati locali solo fino alla chiusura del browser;<\/li>\n<\/ol>\n<ol start=\"3\">\n<li>Impedire ai siti di impostare i cookie;<\/li>\n<\/ol>\n<ol start=\"4\">\n<li>Bloccare i cookie di terze parti e i dati dei siti;<\/li>\n<\/ol>\n<ol start=\"5\">\n<li>Gestire le eccezioni per alcuni siti internet;<\/li>\n<\/ol>\n<ol start=\"6\">\n<li>Eliminazione di uno o tutti i cookie; Per maggiori informazioni visita la pagina<\/li>\n<\/ol>\n<h5>Mozilla Firefox<\/h5>\n<ul>\n<li>Eseguire il Browser Mozilla Firefox;<\/li>\n<\/ul>\n<ul>\n<li>Fare click sul men\u00f9 presente nella barra degli strumenti del browser a fianco della finestra di inserimento url per la navigazione;<\/li>\n<li>Selezionare Opzioni;<\/li>\n<\/ul>\n<ul>\n<li>Seleziona il pannello Privacy;<\/li>\n<\/ul>\n<ul>\n<li>Fare clic su Mostra Impostazioni Avanzate;<\/li>\n<\/ul>\n<ul>\n<li>Nella sezione \u201cPrivacy\u201d fare clic su bottone \u201cImpostazioni contenuti\u201c;<\/li>\n<\/ul>\n<ul>\n<li>Nella sezione \u201cTracciamento\u201d \u00e8 possibile modificare le seguenti impostazioni relative ai cookie:<\/li>\n<\/ul>\n<ol>\n<li>Richiedi ai siti di non effettuare alcun tracciamento;<\/li>\n<\/ol>\n<ol start=\"2\">\n<li>Comunica ai siti la disponibilit\u00e0 ad essere tracciato;<\/li>\n<\/ol>\n<ol start=\"3\">\n<li>Non comunicare alcuna preferenza relativa al tracciamento dei dati personali;<\/li>\n<\/ol>\n<ol start=\"4\">\n<li>Dalla sezione \u201cCronologia\u201d \u00e8 possibile:<\/li>\n<\/ol>\n<ol>\n<li>Abilitando \u201cUtilizza impostazioni personalizzate\u201d selezionare di accettare i cookie di terze parti (sempre, dai siti pi\u00f9 visitato o mai) e di conservarli per un periodo determinato (fino alla loro scadenza, alla chiusura di Firefox o di chiedere ogni volta;<\/li>\n<\/ol>\n<ol start=\"2\">\n<li>Rimuovere i singoli cookie immagazzinati; Per maggiori informazioni visita la pagina<\/li>\n<\/ol>\n<h5>Internet Explorer<\/h5>\n<ul>\n<li>Eseguire il Browser Internet Explorer;<\/li>\n<\/ul>\n<ul>\n<li>Fare click sul pulsante Strumenti e scegliere Opzioni Internet;<\/li>\n<\/ul>\n<ul>\n<li>Fare click sulla scheda Privacy e nella sezione Impostazioni modificare il dispositivo di scorrimento in funzione dell\u2019azione desiderata per i cookie:<\/li>\n<\/ul>\n<ol>\n<li>Bloccare tutti i cookie;<\/li>\n<\/ol>\n<ol start=\"2\">\n<li>Consentire tutti i cookie;<\/li>\n<\/ol>\n<ol start=\"3\">\n<li>Selezione dei siti da cui ottenere cookie: spostare il cursore in una posizione intermedia in modo da non bloccare o consentire tutti i cookie, premere quindi su Siti, nella casella Indirizzo Sito Web inserire un sito internet e quindi premere su Blocca o<\/li>\n<\/ol>\n<p>Per maggiori informazioni visita la pagina dedicata.<\/p>\n<p><\/p>\n<h5>Safari<\/h5>\n<ul>\n<li>Eseguire il Browser Safari;<\/li>\n<\/ul>\n<ul>\n<li>Fare click su Safari, selezionare Preferenze e premere su Privacy;<\/li>\n<\/ul>\n<ul>\n<li>Nella sezione Blocca Cookie specificare come Safari deve accettare i cookie dai siti internet.<\/li>\n<\/ul>\n<ul>\n<li>Per visionare quali siti hanno immagazzinato i cookie cliccare su<\/li>\n<\/ul>\n<h5>Safari iOS (dispositivi mobile)<\/h5>\n<ul>\n<li>Eseguire il Browser Safari Ios;<\/li>\n<\/ul>\n<ul>\n<li>Tocca su Impostazioni e poi Safari;<\/li>\n<\/ul>\n<ul>\n<li>Tocca su Blocca Cookie e scegli tra le varie opzioni: \u201cMai\u201d, \u201cDi terze parti e inserzionisti\u201d o \u201cSempre\u201d;<\/li>\n<li>Per cancellare tutti i cookie immagazzinati da Safari, tocca su Impostazioni, poi su Safari e infine su Cancella Cookie e<\/li>\n<\/ul>\n<p>Per maggiori informazioni visita la pagina dedicata.<\/p>\n<p><\/p>\n<h5>Opera<\/h5>\n<ul>\n<li>Eseguire il Browser Opera;<\/li>\n<\/ul>\n<ul>\n<li>Fare click sul Preferenze poi su Avanzate e infine su Cookie;<\/li>\n<\/ul>\n<ul>\n<li>Selezionare una delle seguenti opzioni:<\/li>\n<\/ul>\n<ol>\n<li>Accetta tutti i cookie;<\/li>\n<\/ol>\n<ol start=\"2\">\n<li>Accetta i cookie solo dal sito che si visita: i cookie di terze parti e che vengono inviati da un dominio diverso da quello che si sta visitando verranno rifiutati;<\/li>\n<li>Non accettare mai i cookie: tutti i cookie non verranno mai<\/li>\n<\/ol>\n<p>Per maggiori informazioni visita la pagina dedicata.<\/p>\n<p><\/p>\n<p>Se non si desidera ricevere cookie, \u00e8 possibile modificare il browser in modo che da essere informati su quando essi vengono inviati. \u00c8 anche possibile eliminare in qualsiasi momento i cookie che sono gi\u00e0 stati memorizzati, tramite le impostazioni del browser.<\/p>\n<p><\/p>\n<h5>Come disabilitare i cookie di servizi di terzi<\/h5>\n<p>Servizi di Google&nbsp;&nbsp;&nbsp; Facebook&nbsp;&nbsp; &nbsp;Twitter<\/p>\n<p><\/p>\n<p>Questa pagina \u00e8 visibile, mediante link in calce in tutte le pagine del Sito ai sensi dell\u2019art.&nbsp; 122 secondo comma del D.lgs. 196\/2003 e a seguito delle modalit\u00e0 semplificate per l\u2019informativa e l\u2019acquisizione del consenso per l\u2019uso dei cookie pubblicata sulla Gazzetta Ufficiale n.126 del 3 giugno 2014 e relativo registro dei provvedimenti n.229 dell\u20198 maggio 2014.<\/p>\t\t\t\t\t\t\t\t<\/div>\n\t\t\t\t<\/div>\n\t\t\t\t\t<\/div>\n\t\t<\/div>\n\t\t\t\t\t<\/div>\n\t\t<\/section>\n\t\t\t\t<\/div>\n\t\t","protected":false},"excerpt":{"rendered":"<p>Handling of personal data policy Pursuant to article 13 Italian Legislative Decree 196\/03 \u201cProtection of Personal Data Policy\u201d (hereinafter the \u201cCode\u201d), www.tranmore.com is the official website of \u201cStudio Translation and More di E. Fochi e M. Rausa\u201d, through which the company proposes to provide its users (hereinafter the \u201cvisitors\u201d) with information about the products distributed [&hellip;]<\/p>\n","protected":false},"author":1,"featured_media":0,"parent":0,"menu_order":0,"comment_status":"closed","ping_status":"closed","template":"","meta":{"footnotes":""},"class_list":["post-2777","page","type-page","status-publish","hentry"],"yoast_head":"<!-- This site is optimized with the Yoast SEO plugin v24.7 - https:\/\/yoast.com\/wordpress\/plugins\/seo\/ -->\n<title>Cookie Policy - Tranemore<\/title>\n<meta name=\"robots\" content=\"index, follow, max-snippet:-1, max-image-preview:large, max-video-preview:-1\" \/>\n<link rel=\"canonical\" href=\"https:\/\/tranmore.com\/cookie-policy\/\" \/>\n<meta property=\"og:locale\" content=\"en_US\" \/>\n<meta property=\"og:type\" content=\"article\" \/>\n<meta property=\"og:title\" content=\"Cookie Policy - Tranemore\" \/>\n<meta property=\"og:description\" content=\"Handling of personal data policy Pursuant to article 13 Italian Legislative Decree 196\/03 \u201cProtection of Personal Data Policy\u201d (hereinafter the \u201cCode\u201d), www.tranmore.com is the official website of \u201cStudio Translation and More di E. Fochi e M. Rausa\u201d, through which the company proposes to provide its users (hereinafter the \u201cvisitors\u201d) with information about the products distributed [&hellip;]\" \/>\n<meta property=\"og:url\" content=\"https:\/\/tranmore.com\/cookie-policy\/\" \/>\n<meta property=\"og:site_name\" content=\"Tranemore\" \/>\n<meta name=\"twitter:card\" content=\"summary_large_image\" \/>\n<meta name=\"twitter:label1\" content=\"Est. reading time\" \/>\n\t<meta name=\"twitter:data1\" content=\"8 minutes\" \/>\n<script type=\"application\/ld+json\" class=\"yoast-schema-graph\">{\"@context\":\"https:\/\/schema.org\",\"@graph\":[{\"@type\":\"WebPage\",\"@id\":\"https:\/\/tranmore.com\/cookie-policy\/\",\"url\":\"https:\/\/tranmore.com\/cookie-policy\/\",\"name\":\"Cookie Policy - Tranemore\",\"isPartOf\":{\"@id\":\"https:\/\/tranmore.com\/#website\"},\"datePublished\":\"2021-07-21T09:12:45+00:00\",\"breadcrumb\":{\"@id\":\"https:\/\/tranmore.com\/cookie-policy\/#breadcrumb\"},\"inLanguage\":\"en-US\",\"potentialAction\":[{\"@type\":\"ReadAction\",\"target\":[\"https:\/\/tranmore.com\/cookie-policy\/\"]}]},{\"@type\":\"BreadcrumbList\",\"@id\":\"https:\/\/tranmore.com\/cookie-policy\/#breadcrumb\",\"itemListElement\":[{\"@type\":\"ListItem\",\"position\":1,\"name\":\"Home\",\"item\":\"https:\/\/tranmore.com\/\"},{\"@type\":\"ListItem\",\"position\":2,\"name\":\"Cookie Policy\"}]},{\"@type\":\"WebSite\",\"@id\":\"https:\/\/tranmore.com\/#website\",\"url\":\"https:\/\/tranmore.com\/\",\"name\":\"Tranemore\",\"description\":\"\",\"potentialAction\":[{\"@type\":\"SearchAction\",\"target\":{\"@type\":\"EntryPoint\",\"urlTemplate\":\"https:\/\/tranmore.com\/?s={search_term_string}\"},\"query-input\":{\"@type\":\"PropertyValueSpecification\",\"valueRequired\":true,\"valueName\":\"search_term_string\"}}],\"inLanguage\":\"en-US\"}]}<\/script>\n<!-- \/ Yoast SEO plugin. -->","yoast_head_json":{"title":"Cookie Policy - Tranemore","robots":{"index":"index","follow":"follow","max-snippet":"max-snippet:-1","max-image-preview":"max-image-preview:large","max-video-preview":"max-video-preview:-1"},"canonical":"https:\/\/tranmore.com\/cookie-policy\/","og_locale":"en_US","og_type":"article","og_title":"Cookie Policy - Tranemore","og_description":"Handling of personal data policy Pursuant to article 13 Italian Legislative Decree 196\/03 \u201cProtection of Personal Data Policy\u201d (hereinafter the \u201cCode\u201d), www.tranmore.com is the official website of \u201cStudio Translation and More di E. Fochi e M. Rausa\u201d, through which the company proposes to provide its users (hereinafter the \u201cvisitors\u201d) with information about the products distributed [&hellip;]","og_url":"https:\/\/tranmore.com\/cookie-policy\/","og_site_name":"Tranemore","twitter_card":"summary_large_image","twitter_misc":{"Est. reading time":"8 minutes"},"schema":{"@context":"https:\/\/schema.org","@graph":[{"@type":"WebPage","@id":"https:\/\/tranmore.com\/cookie-policy\/","url":"https:\/\/tranmore.com\/cookie-policy\/","name":"Cookie Policy - Tranemore","isPartOf":{"@id":"https:\/\/tranmore.com\/#website"},"datePublished":"2021-07-21T09:12:45+00:00","breadcrumb":{"@id":"https:\/\/tranmore.com\/cookie-policy\/#breadcrumb"},"inLanguage":"en-US","potentialAction":[{"@type":"ReadAction","target":["https:\/\/tranmore.com\/cookie-policy\/"]}]},{"@type":"BreadcrumbList","@id":"https:\/\/tranmore.com\/cookie-policy\/#breadcrumb","itemListElement":[{"@type":"ListItem","position":1,"name":"Home","item":"https:\/\/tranmore.com\/"},{"@type":"ListItem","position":2,"name":"Cookie Policy"}]},{"@type":"WebSite","@id":"https:\/\/tranmore.com\/#website","url":"https:\/\/tranmore.com\/","name":"Tranemore","description":"","potentialAction":[{"@type":"SearchAction","target":{"@type":"EntryPoint","urlTemplate":"https:\/\/tranmore.com\/?s={search_term_string}"},"query-input":{"@type":"PropertyValueSpecification","valueRequired":true,"valueName":"search_term_string"}}],"inLanguage":"en-US"}]}},"_links":{"self":[{"href":"https:\/\/tranmore.com\/en\/wp-json\/wp\/v2\/pages\/2777","targetHints":{"allow":["GET"]}}],"collection":[{"href":"https:\/\/tranmore.com\/en\/wp-json\/wp\/v2\/pages"}],"about":[{"href":"https:\/\/tranmore.com\/en\/wp-json\/wp\/v2\/types\/page"}],"author":[{"embeddable":true,"href":"https:\/\/tranmore.com\/en\/wp-json\/wp\/v2\/users\/1"}],"replies":[{"embeddable":true,"href":"https:\/\/tranmore.com\/en\/wp-json\/wp\/v2\/comments?post=2777"}],"version-history":[{"count":2,"href":"https:\/\/tranmore.com\/en\/wp-json\/wp\/v2\/pages\/2777\/revisions"}],"predecessor-version":[{"id":2779,"href":"https:\/\/tranmore.com\/en\/wp-json\/wp\/v2\/pages\/2777\/revisions\/2779"}],"wp:attachment":[{"href":"https:\/\/tranmore.com\/en\/wp-json\/wp\/v2\/media?parent=2777"}],"curies":[{"name":"wp","href":"https:\/\/api.w.org\/{rel}","templated":true}]}}