{"id":2775,"date":"2021-07-21T11:10:29","date_gmt":"2021-07-21T09:10:29","guid":{"rendered":"http:\/\/tranmore.com\/?page_id=2775"},"modified":"2021-07-21T11:10:29","modified_gmt":"2021-07-21T09:10:29","slug":"privacy-policy","status":"publish","type":"page","link":"https:\/\/tranmore.com\/en\/privacy-policy\/","title":{"rendered":"Privacy Policy"},"content":{"rendered":"\t\t<div data-elementor-type=\"wp-page\" data-elementor-id=\"2775\" class=\"elementor elementor-2775\">\n\t\t\t\t\t\t<section class=\"elementor-section elementor-top-section elementor-element elementor-element-354010 elementor-section-boxed elementor-section-height-default elementor-section-height-default\" data-id=\"354010\" data-element_type=\"section\">\n\t\t\t\t\t\t<div class=\"elementor-container elementor-column-gap-default\">\n\t\t\t\t\t<div class=\"elementor-column elementor-col-100 elementor-top-column elementor-element elementor-element-56e165bd\" data-id=\"56e165bd\" data-element_type=\"column\">\n\t\t\t<div class=\"elementor-widget-wrap elementor-element-populated\">\n\t\t\t\t\t\t<div class=\"elementor-element elementor-element-1de1f56d elementor-widget elementor-widget-text-editor\" data-id=\"1de1f56d\" data-element_type=\"widget\" data-widget_type=\"text-editor.default\">\n\t\t\t\t<div class=\"elementor-widget-container\">\n\t\t\t\t\t\t\t\t\t<p><strong>PRIVACY POLICY per i visitatori del sito:<\/strong><\/p>\n<p><strong>&nbsp;<\/strong><span style=\"font-size: 18px; color: var( --e-global-color-secondary );\">La presente Privacy Policy ha lo scopo di descrivere le modalit\u00e0 di gestione di questo sito, in riferimento al trattamento dei dati personali degli utenti\/visitatori che lo consultano.<\/span><\/p>\n<p>Si tratta di un\u2019informativa che \u00e8 resa anche ai sensi dell\u2019art. 13 del D. Lgs 196\/03 \u2013 Codice in materia di protezione dei dati personali \u2013 a coloro che si collegano al sito di Studio Associato Translation and More di E. Fochi e M. Rausa all&#8217;indirizzo <span>www.tranmore.com <\/span>.<\/p>\n<p>L\u2019informativa \u00e8 resa soltanto per il sito sopra menzionato e non anche per altri siti web eventualmente consultati dall\u2019utente tramite appositi link.<\/p>\n<p>Il sito \u00e8 propriet\u00e0 e gestione di Studio Associato Translation and More di E. Fochi e M. Rausa e garantisce il rispetto della normativa in materia di protezione dei dati personali (D.Lgs 196\/03).<\/p>\n<p>Gli utenti\/visitatori dovranno leggere attentamente la presente Privacy Policy prima di inoltrare qualsiasi tipo di informazione personale e\/o compilare qualunque modulo elettronico presente sul sito stesso.<\/p>\n<h5><strong>Tipologia di dati trattati e finalit\u00e0 del trattamento<\/strong><\/h5>\n<p>&nbsp;<\/p>\n<ol>\n<li><strong>Dati di navigazione<\/strong><\/li>\n<p>I sistemi informatici e le procedure software preposte al funzionamento di questo sito acquisiscono, nel normale esercizio, alcuni dati personali che vengono poi trasmessi implicitamente nell\u2019uso dei protocolli di comunicazione Internet.<\/p>\n<p>Si tratta di informazioni che per loro natura potrebbero, mediante associazioni ed elaborazioni con dati detenuti da terzi, permettere di identificare gli utenti\/visitatori (ad es. indirizzo IP, nomi di domini dei computer utilizzati dagli utenti\/visitatori che si collegano al sito, ecc.).<\/p>\n<p>Questi dati vengono utilizzati solo per informazioni di tipo statistico (quindi sono anonimi) e per controllare il corretto funzionamento del sito e vengono cancellati subito dopo l\u2019elaborazione.<\/p>\n<p>I dati sui contatti web non vengono conservati, comunque, per pi\u00f9 di sette giorni, salvo eventuali accertamenti di reati informatici ai danni del sito.<\/p>\n<p>Nessun dato derivante dal servizio web verr\u00e0 comunicato o diffuso.<\/p>\n<li><strong>Dati forniti volontariamente dagli utenti\/visitatori<\/strong><\/li>\n<p>Qualora gli utenti\/visitatori, collegandosi a questo sito, inviino propri dati personali per accedere a determinate sezioni, ovvero per effettuare richieste in posta elettronica, ci\u00f2 comporta l\u2019acquisizione da parte di Studio Associato Translation and More di E. Fochi e M. Rausa dell\u2019indirizzo del mittente e\/o di altri eventuali dati personali che verranno trattati esclusivamente per rispondere alla richiesta, ovvero l&#8217;accesso alle varie sezioni.<\/p>\n<p>I dati personali forniti dagli utenti\/visitatori verranno comunicati a terzi solo nel caso in cui la comunicazione sia necessaria per ottemperare alle richieste degli utenti\/visitatori medesimi.<\/p>\n<li><strong>Cookies<\/strong><\/li>\n<p><strong>Informazioni.<\/strong><\/p>\n<p><strong>Modalit\u00e0 del trattamento<\/strong><\/p>\n<p>ll trattamento viene effettuato attraverso strumenti automatizzati (ad es. utilizzando procedure e supporti elettronici) e\/o manualmente (ad es. su supporto cartaceo) per il tempo strettamente necessario a conseguire gli scopi per i quali i dati sono stati raccolti e, comunque, in conformit\u00e0 alle disposizioni normative vigenti in materia.<\/p>\n<p><strong>Facoltativit\u00e0 del conferimento dei dati (sezione CONTATTACI)<\/strong><\/p>\n<p>A parte quanto specificato per i dati di navigazione, gli utenti\/visitatori sono liberi di fornire i propri dati personali. Il loro mancato conferimento pu\u00f2 comportare unicamente l\u2019impossibilit\u00e0 di ottenere quanto richiesto.<\/p>\n<p><strong>Titolare, Responsabili e categorie di Incaricati<\/strong><\/p>\n<p>Il Titolare del trattamento dei dati \u00e8 Studio Associato Translation and More di E. Fochi e M. Rausa nella persona del legale rappresentante dott.ssa Monica Rausa.<\/p>\n<p>All\u2019interno della Societ\u00e0 i dati che la riguardano saranno trattati dai dipendenti in qualit\u00e0 di Incaricati sotto la diretta autorit\u00e0 del Titolare del trattamento.<\/p>\n<p><strong>Diritti degli interessati<\/strong><\/p>\n<p>I soggetti cui si riferiscono i dati personali hanno il diritto in qualunque momento di ottenere la conferma dell\u2019esistenza o meno dei medesimi dati e di conoscerne il contenuto e l\u2019origine, verificarne l\u2019esattezza o chiederne l\u2019integrazione o l\u2019aggiornamento, oppure la rettificazione (art. 7 del D.Lgs 196\/03).<\/p>\n<p>Ai sensi del medesimo articolo si ha il diritto di chiedere la cancellazione, la trasformazione in forma anonima o il blocco dei dati trattati in violazione di legge, nonch\u00e9 di opporsi in ogni caso, per motivi legittimi, al loro trattamento.<\/p>\n<\/ol>\t\t\t\t\t\t\t\t<\/div>\n\t\t\t\t<\/div>\n\t\t\t\t\t<\/div>\n\t\t<\/div>\n\t\t\t\t\t<\/div>\n\t\t<\/section>\n\t\t\t\t<\/div>\n\t\t","protected":false},"excerpt":{"rendered":"<p>PRIVACY POLICY for site visitors: This Privacy Policy is intended to describe the management of this website with reference to processing of the personal data of its users\/visitors. The Policy is addressed, in accordance with Articles 13 and 122 of the Legislative Decree No. 196\/03 &#8211; Code for the Protection of Personal Data &#8211; with [&hellip;]<\/p>\n","protected":false},"author":1,"featured_media":0,"parent":0,"menu_order":0,"comment_status":"closed","ping_status":"closed","template":"","meta":{"footnotes":""},"class_list":["post-2775","page","type-page","status-publish","hentry"],"yoast_head":"<!-- This site is optimized with the Yoast SEO plugin v24.7 - https:\/\/yoast.com\/wordpress\/plugins\/seo\/ -->\n<title>Privacy Policy - Tranemore<\/title>\n<meta name=\"robots\" content=\"index, follow, max-snippet:-1, max-image-preview:large, max-video-preview:-1\" \/>\n<link rel=\"canonical\" href=\"https:\/\/tranmore.com\/privacy-policy\/\" \/>\n<meta property=\"og:locale\" content=\"en_US\" \/>\n<meta property=\"og:type\" content=\"article\" \/>\n<meta property=\"og:title\" content=\"Privacy Policy - Tranemore\" \/>\n<meta property=\"og:description\" content=\"PRIVACY POLICY for site visitors: This Privacy Policy is intended to describe the management of this website with reference to processing of the personal data of its users\/visitors. The Policy is addressed, in accordance with Articles 13 and 122 of the Legislative Decree No. 196\/03 &#8211; Code for the Protection of Personal Data &#8211; with [&hellip;]\" \/>\n<meta property=\"og:url\" content=\"https:\/\/tranmore.com\/privacy-policy\/\" \/>\n<meta property=\"og:site_name\" content=\"Tranemore\" \/>\n<meta name=\"twitter:card\" content=\"summary_large_image\" \/>\n<meta name=\"twitter:label1\" content=\"Est. reading time\" \/>\n\t<meta name=\"twitter:data1\" content=\"3 minutes\" \/>\n<script type=\"application\/ld+json\" class=\"yoast-schema-graph\">{\"@context\":\"https:\/\/schema.org\",\"@graph\":[{\"@type\":\"WebPage\",\"@id\":\"https:\/\/tranmore.com\/privacy-policy\/\",\"url\":\"https:\/\/tranmore.com\/privacy-policy\/\",\"name\":\"Privacy Policy - Tranemore\",\"isPartOf\":{\"@id\":\"https:\/\/tranmore.com\/#website\"},\"datePublished\":\"2021-07-21T09:10:29+00:00\",\"breadcrumb\":{\"@id\":\"https:\/\/tranmore.com\/privacy-policy\/#breadcrumb\"},\"inLanguage\":\"en-US\",\"potentialAction\":[{\"@type\":\"ReadAction\",\"target\":[\"https:\/\/tranmore.com\/privacy-policy\/\"]}]},{\"@type\":\"BreadcrumbList\",\"@id\":\"https:\/\/tranmore.com\/privacy-policy\/#breadcrumb\",\"itemListElement\":[{\"@type\":\"ListItem\",\"position\":1,\"name\":\"Home\",\"item\":\"https:\/\/tranmore.com\/\"},{\"@type\":\"ListItem\",\"position\":2,\"name\":\"Privacy Policy\"}]},{\"@type\":\"WebSite\",\"@id\":\"https:\/\/tranmore.com\/#website\",\"url\":\"https:\/\/tranmore.com\/\",\"name\":\"Tranemore\",\"description\":\"\",\"potentialAction\":[{\"@type\":\"SearchAction\",\"target\":{\"@type\":\"EntryPoint\",\"urlTemplate\":\"https:\/\/tranmore.com\/?s={search_term_string}\"},\"query-input\":{\"@type\":\"PropertyValueSpecification\",\"valueRequired\":true,\"valueName\":\"search_term_string\"}}],\"inLanguage\":\"en-US\"}]}<\/script>\n<!-- \/ Yoast SEO plugin. -->","yoast_head_json":{"title":"Privacy Policy - Tranemore","robots":{"index":"index","follow":"follow","max-snippet":"max-snippet:-1","max-image-preview":"max-image-preview:large","max-video-preview":"max-video-preview:-1"},"canonical":"https:\/\/tranmore.com\/privacy-policy\/","og_locale":"en_US","og_type":"article","og_title":"Privacy Policy - Tranemore","og_description":"PRIVACY POLICY for site visitors: This Privacy Policy is intended to describe the management of this website with reference to processing of the personal data of its users\/visitors. The Policy is addressed, in accordance with Articles 13 and 122 of the Legislative Decree No. 196\/03 &#8211; Code for the Protection of Personal Data &#8211; with [&hellip;]","og_url":"https:\/\/tranmore.com\/privacy-policy\/","og_site_name":"Tranemore","twitter_card":"summary_large_image","twitter_misc":{"Est. reading time":"3 minutes"},"schema":{"@context":"https:\/\/schema.org","@graph":[{"@type":"WebPage","@id":"https:\/\/tranmore.com\/privacy-policy\/","url":"https:\/\/tranmore.com\/privacy-policy\/","name":"Privacy Policy - Tranemore","isPartOf":{"@id":"https:\/\/tranmore.com\/#website"},"datePublished":"2021-07-21T09:10:29+00:00","breadcrumb":{"@id":"https:\/\/tranmore.com\/privacy-policy\/#breadcrumb"},"inLanguage":"en-US","potentialAction":[{"@type":"ReadAction","target":["https:\/\/tranmore.com\/privacy-policy\/"]}]},{"@type":"BreadcrumbList","@id":"https:\/\/tranmore.com\/privacy-policy\/#breadcrumb","itemListElement":[{"@type":"ListItem","position":1,"name":"Home","item":"https:\/\/tranmore.com\/"},{"@type":"ListItem","position":2,"name":"Privacy Policy"}]},{"@type":"WebSite","@id":"https:\/\/tranmore.com\/#website","url":"https:\/\/tranmore.com\/","name":"Tranemore","description":"","potentialAction":[{"@type":"SearchAction","target":{"@type":"EntryPoint","urlTemplate":"https:\/\/tranmore.com\/?s={search_term_string}"},"query-input":{"@type":"PropertyValueSpecification","valueRequired":true,"valueName":"search_term_string"}}],"inLanguage":"en-US"}]}},"_links":{"self":[{"href":"https:\/\/tranmore.com\/en\/wp-json\/wp\/v2\/pages\/2775","targetHints":{"allow":["GET"]}}],"collection":[{"href":"https:\/\/tranmore.com\/en\/wp-json\/wp\/v2\/pages"}],"about":[{"href":"https:\/\/tranmore.com\/en\/wp-json\/wp\/v2\/types\/page"}],"author":[{"embeddable":true,"href":"https:\/\/tranmore.com\/en\/wp-json\/wp\/v2\/users\/1"}],"replies":[{"embeddable":true,"href":"https:\/\/tranmore.com\/en\/wp-json\/wp\/v2\/comments?post=2775"}],"version-history":[{"count":1,"href":"https:\/\/tranmore.com\/en\/wp-json\/wp\/v2\/pages\/2775\/revisions"}],"predecessor-version":[{"id":2776,"href":"https:\/\/tranmore.com\/en\/wp-json\/wp\/v2\/pages\/2775\/revisions\/2776"}],"wp:attachment":[{"href":"https:\/\/tranmore.com\/en\/wp-json\/wp\/v2\/media?parent=2775"}],"curies":[{"name":"wp","href":"https:\/\/api.w.org\/{rel}","templated":true}]}}